{"id":9,"date":"2014-01-20T12:28:57","date_gmt":"2014-01-20T12:28:57","guid":{"rendered":"http:\/\/www.proyectoatlas.com\/?page_id=9"},"modified":"2014-06-23T12:12:51","modified_gmt":"2014-06-23T12:12:51","slug":"9-2","status":"publish","type":"page","link":"http:\/\/www.proyectoatlas.com\/?page_id=9","title":{"rendered":"PROYECTO ATLAS"},"content":{"rendered":"<p style=\"text-align: left;\"><a href=\"http:\/\/www.proyectoatlas.com\/wp-content\/uploads\/2014\/01\/logo2.jpg\"><img loading=\"lazy\" decoding=\"async\" class=\"wp-image-10 alignleft\" src=\"http:\/\/www.proyectoatlas.com\/wp-content\/uploads\/2014\/01\/logo2-300x146.jpg\" alt=\"logo2\" width=\"180\" height=\"88\" srcset=\"http:\/\/www.proyectoatlas.com\/wp-content\/uploads\/2014\/01\/logo2-300x146.jpg 300w, http:\/\/www.proyectoatlas.com\/wp-content\/uploads\/2014\/01\/logo2.jpg 591w\" sizes=\"auto, (max-width: 180px) 100vw, 180px\" \/><\/a><\/p>\n<div style=\"text-align: left;\"><\/div>\n<div style=\"text-align: left;\">Busca generar nuevas formas de uso y habitabilidad del espacio p\u00fablico, a partir de la puesta en valor de los recursos propios del lugar. Planteamos formas de propiciar espacios p\u00fablicos m\u00e1s din\u00e1micos y acogedores, promoviendo en la poblaci\u00f3n una nueva percepci\u00f3n de su entorno diario invitando a la interacci\u00f3n, el di\u00e1logo, la contemplaci\u00f3n y la permanencia.<\/div>\n<div style=\"text-align: left;\"><\/div>\n<div style=\"text-align: left;\">Como colectivo, entendemos el espacio p\u00fablico como algo de libre acceso producto de una interacci\u00f3n social, que debe partir y ser intervenido no solo por parte de sus gobernantes, si no tambi\u00e9n desde sus habitantes. Lo asumimos como lugar de encuentro, manifestaci\u00f3n y expresi\u00f3n activa de su poblaci\u00f3n.<\/div>\n<div style=\"text-align: left;\"><\/div>\n<div style=\"text-align: center;\"><\/div>\n<div><\/div>\n<div><\/div>\n<div><\/div>\n<div><\/div>\n<div><\/div>\n<div><\/div>\n<div><\/div>\n<div><\/div>\n<div><\/div>\n","protected":false},"excerpt":{"rendered":"<p>Busca generar nuevas formas de uso y habitabilidad del espacio p\u00fablico, a partir de la puesta en valor de los recursos propios del lugar. Planteamos formas de propiciar espacios p\u00fablicos m\u00e1s din\u00e1micos y acogedores, promoviendo en la poblaci\u00f3n una nueva percepci\u00f3n de su entorno diario invitando a la interacci\u00f3n, el di\u00e1logo, la contemplaci\u00f3n y la [&hellip;]<\/p>\n","protected":false},"author":1,"featured_media":0,"parent":0,"menu_order":2,"comment_status":"closed","ping_status":"closed","template":"","meta":{"footnotes":""},"class_list":["post-9","page","type-page","status-publish","hentry"],"_links":{"self":[{"href":"http:\/\/www.proyectoatlas.com\/index.php?rest_route=\/wp\/v2\/pages\/9","targetHints":{"allow":["GET"]}}],"collection":[{"href":"http:\/\/www.proyectoatlas.com\/index.php?rest_route=\/wp\/v2\/pages"}],"about":[{"href":"http:\/\/www.proyectoatlas.com\/index.php?rest_route=\/wp\/v2\/types\/page"}],"author":[{"embeddable":true,"href":"http:\/\/www.proyectoatlas.com\/index.php?rest_route=\/wp\/v2\/users\/1"}],"replies":[{"embeddable":true,"href":"http:\/\/www.proyectoatlas.com\/index.php?rest_route=%2Fwp%2Fv2%2Fcomments&post=9"}],"version-history":[{"count":10,"href":"http:\/\/www.proyectoatlas.com\/index.php?rest_route=\/wp\/v2\/pages\/9\/revisions"}],"predecessor-version":[{"id":209,"href":"http:\/\/www.proyectoatlas.com\/index.php?rest_route=\/wp\/v2\/pages\/9\/revisions\/209"}],"wp:attachment":[{"href":"http:\/\/www.proyectoatlas.com\/index.php?rest_route=%2Fwp%2Fv2%2Fmedia&parent=9"}],"curies":[{"name":"wp","href":"https:\/\/api.w.org\/{rel}","templated":true}]}}